{"id":473,"date":"2018-07-03T05:59:13","date_gmt":"2018-07-03T08:59:13","guid":{"rendered":"https:\/\/forjasmocam.com\/index.php\/solutions\/"},"modified":"2025-11-15T15:48:28","modified_gmt":"2025-11-15T18:48:28","slug":"fabricacao","status":"publish","type":"page","link":"https:\/\/forjasmocam.com\/index.php\/fabricacao\/","title":{"rendered":"Fabrica\u00e7ao"},"content":{"rendered":"\t\t<div data-elementor-type=\"wp-post\" data-elementor-id=\"473\" class=\"elementor elementor-473\">\n\t\t\t\t\t\t\t\t\t<section class=\"elementor-section elementor-top-section elementor-element elementor-element-d8fdbaf elementor-section-content-middle elementor-section-height-min-height elementor-section-boxed elementor-section-height-default elementor-section-items-middle\" data-id=\"d8fdbaf\" data-element_type=\"section\" data-settings=\"{&quot;background_background&quot;:&quot;classic&quot;}\">\n\t\t\t\t\t\t\t<div class=\"elementor-background-overlay\"><\/div>\n\t\t\t\t\t\t\t<div class=\"elementor-container elementor-column-gap-no\">\n\t\t\t\t\t<div class=\"elementor-column elementor-col-100 elementor-top-column elementor-element elementor-element-182654e4\" data-id=\"182654e4\" data-element_type=\"column\">\n\t\t\t<div class=\"elementor-widget-wrap elementor-element-populated\">\n\t\t\t\t\t\t\t\t<div class=\"elementor-element elementor-element-52aa5135 elementor-widget elementor-widget-heading\" data-id=\"52aa5135\" data-element_type=\"widget\" data-widget_type=\"heading.default\">\n\t\t\t\t<div class=\"elementor-widget-container\">\n\t\t\t<style>\/*! elementor - v3.15.0 - 09-08-2023 *\/\n.elementor-heading-title{padding:0;margin:0;line-height:1}.elementor-widget-heading .elementor-heading-title[class*=elementor-size-]>a{color:inherit;font-size:inherit;line-height:inherit}.elementor-widget-heading .elementor-heading-title.elementor-size-small{font-size:15px}.elementor-widget-heading .elementor-heading-title.elementor-size-medium{font-size:19px}.elementor-widget-heading .elementor-heading-title.elementor-size-large{font-size:29px}.elementor-widget-heading .elementor-heading-title.elementor-size-xl{font-size:39px}.elementor-widget-heading .elementor-heading-title.elementor-size-xxl{font-size:59px}<\/style><h1 class=\"elementor-heading-title elementor-size-default\">Fabrica\u00e7\u00e3o<\/h1>\t\t<\/div>\n\t\t\t\t<\/div>\n\t\t\t\t<div class=\"elementor-element elementor-element-77639f43 elementor-widget elementor-widget-text-editor\" data-id=\"77639f43\" data-element_type=\"widget\" data-widget_type=\"text-editor.default\">\n\t\t\t\t<div class=\"elementor-widget-container\">\n\t\t\t<style>\/*! elementor - v3.15.0 - 09-08-2023 *\/\n.elementor-widget-text-editor.elementor-drop-cap-view-stacked .elementor-drop-cap{background-color:#69727d;color:#fff}.elementor-widget-text-editor.elementor-drop-cap-view-framed .elementor-drop-cap{color:#69727d;border:3px solid;background-color:transparent}.elementor-widget-text-editor:not(.elementor-drop-cap-view-default) .elementor-drop-cap{margin-top:8px}.elementor-widget-text-editor:not(.elementor-drop-cap-view-default) .elementor-drop-cap-letter{width:1em;height:1em}.elementor-widget-text-editor .elementor-drop-cap{float:left;text-align:center;line-height:1;font-size:50px}.elementor-widget-text-editor .elementor-drop-cap-letter{display:inline-block}<\/style>\t\t\t\t\t\t\t\t\t\t<\/div>\n\t\t\t\t<\/div>\n\t\t\t\t\t<\/div>\n\t\t<\/div>\n\t\t\t\t\t\t\t<\/div>\n\t\t<\/section>\n\t\t\t\t<section class=\"elementor-section elementor-top-section elementor-element elementor-element-b5ed72d elementor-section-full_width elementor-section-height-default elementor-section-height-default\" data-id=\"b5ed72d\" data-element_type=\"section\" data-settings=\"{&quot;background_background&quot;:&quot;classic&quot;}\">\n\t\t\t\t\t\t<div class=\"elementor-container elementor-column-gap-default\">\n\t\t\t\t\t<div class=\"elementor-column elementor-col-50 elementor-top-column elementor-element elementor-element-25717de\" data-id=\"25717de\" data-element_type=\"column\" data-settings=\"{&quot;background_background&quot;:&quot;classic&quot;}\">\n\t\t\t<div class=\"elementor-widget-wrap elementor-element-populated\">\n\t\t\t\t\t\t\t\t<div class=\"elementor-element elementor-element-3e3c8082 elementor-widget elementor-widget-heading\" data-id=\"3e3c8082\" data-element_type=\"widget\" data-widget_type=\"heading.default\">\n\t\t\t\t<div class=\"elementor-widget-container\">\n\t\t\t<h3 class=\"elementor-heading-title elementor-size-default\">Processo de Fabrica\u00e7\u00e3o<\/h3>\t\t<\/div>\n\t\t\t\t<\/div>\n\t\t\t\t<div class=\"elementor-element elementor-element-231fd58c elementor-widget elementor-widget-text-editor\" data-id=\"231fd58c\" data-element_type=\"widget\" data-widget_type=\"text-editor.default\">\n\t\t\t\t<div class=\"elementor-widget-container\">\n\t\t\t\t\t\t\t<p><span style=\"font-weight: 400;\">O forjamento \u00e9 um processo de conforma\u00e7\u00e3o mec\u00e2nica , que resulta em uma mudan\u00e7a permanente nas dimens\u00f5es finais e nas caracter\u00edsticas metal\u00fargicas de uma pe\u00e7a.<\/span><\/p><p><span style=\"font-weight: 400;\">Conforma\u00e7\u00e3o mec\u00e2nica :S\u00e3o processos que alteram a forma do material atrav\u00e9s da aplica\u00e7\u00e3o de for\u00e7as por equipamento ou ferramentas adequadas (prensas , matrizes , fieiras , cilindros ,etc)<\/span><\/p><p><span style=\"font-weight: 400;\">Em fun\u00e7\u00e3o da temperatura e do material utilizado, a conforma\u00e7\u00e3o mec\u00e2nica pode ser classificada como trabalho\u00a0 a frio ou a quente.<\/span><\/p><p><span style=\"font-weight: 400;\">Principais processos de conforma\u00e7\u00e3o mec\u00e2nica : Forjamento ,Lamina\u00e7\u00e3o , Extrus\u00e3o e Trefila\u00e7\u00e3o;<\/span><\/p><p><span style=\"font-weight: 400;\">O forjamento gera produtos previs\u00edveis\u00a0 e uniformes com:<\/span><\/p><ul><li style=\"font-weight: 400;\" aria-level=\"1\"><span style=\"font-weight: 400;\">Tamanho\u00a0 de gr\u00e3os e caracter\u00edsticas\u00a0 de fluxo mais refinados por meio de deforma\u00e7\u00e3o mec\u00e2nica a quente;<\/span><\/li><li style=\"font-weight: 400;\" aria-level=\"1\"><span style=\"font-weight: 400;\">Qualidade\u00a0 metal\u00fargica\u00a0 e mec\u00e2nicas superiores aliadas\u00a0 a uma maior resist\u00eancia direcional ;<\/span><\/li><li style=\"font-weight: 400;\" aria-level=\"1\"><span style=\"font-weight: 400;\">Um grau\u00a0 maior de integridade estrutural;<\/span><\/li><li style=\"font-weight: 400;\" aria-level=\"1\"><span style=\"font-weight: 400;\">Elimina\u00e7\u00e3o de vazios de constru\u00e7\u00e3o de bolha de g\u00e1s , que podem enfraquecer partes do metal;<\/span><\/li><li style=\"font-weight: 400;\" aria-level=\"1\"><span style=\"font-weight: 400;\">Uniformidade qu\u00edmica\u00a0 superior pela dispers\u00e3o de n\u00e3o met\u00e1licos elementos segregados na textura do metal fundido.<\/span><\/li><\/ul><p><span style=\"font-weight: 400;\">Vantagens do forjamento de conforma\u00e7\u00e3o :<\/span><\/p><p><span style=\"font-weight: 400;\">O alinhamento direcional foi alcan\u00e7ado por meio de uma orienta\u00e7\u00e3o do processo\u00a0 de forjamento intencionalmente na dire\u00e7\u00e3o que exige a m\u00e1xima for\u00e7a. Isso tamb\u00e9m produz uma ductilidade mais elevada e maior resist\u00eancia a impactos e fadiga.<\/span><\/p><p><span style=\"font-weight: 400;\">Barras Forjadas :<\/span><\/p><p><span style=\"font-weight: 400;\">A orienta\u00e7\u00e3o de gr\u00e3os unidirecionais foi repentinamente encurtada no contorno alterado , expondo a extremidade dos gr\u00e3os. Isso produz um material mais suscet\u00edvel \u00e0 fadiga e possivelmente sens\u00edvel ao trincamento por corros\u00e3o sob tens\u00e3o<\/span><\/p>\t\t\t\t\t\t<\/div>\n\t\t\t\t<\/div>\n\t\t\t\t<div class=\"elementor-element elementor-element-3a3016bc elementor-align-right elementor-tablet-align-center elementor-mobile-align-justify elementor-widget elementor-widget-button\" data-id=\"3a3016bc\" data-element_type=\"widget\" data-widget_type=\"button.default\">\n\t\t\t\t<div class=\"elementor-widget-container\">\n\t\t\t\t\t<div class=\"elementor-button-wrapper\">\n\t\t\t<a class=\"elementor-button elementor-button-link elementor-size-lg\" href=\"https:\/\/forjasmocam.com\/index.php\/produtos\/\">\n\t\t\t\t\t\t<span class=\"elementor-button-content-wrapper\">\n\t\t\t\t\t\t<span class=\"elementor-button-icon elementor-align-icon-right\">\n\t\t\t\t<i aria-hidden=\"true\" class=\"fas fa-long-arrow-alt-right\"><\/i>\t\t\t<\/span>\n\t\t\t\t\t\t<span class=\"elementor-button-text\">veja os produtos <\/span>\n\t\t<\/span>\n\t\t\t\t\t<\/a>\n\t\t<\/div>\n\t\t\t\t<\/div>\n\t\t\t\t<\/div>\n\t\t\t\t\t<\/div>\n\t\t<\/div>\n\t\t\t\t<div class=\"elementor-column elementor-col-50 elementor-top-column elementor-element elementor-element-4da6838\" data-id=\"4da6838\" data-element_type=\"column\">\n\t\t\t<div class=\"elementor-widget-wrap elementor-element-populated\">\n\t\t\t\t\t\t\t\t<section class=\"elementor-section elementor-inner-section elementor-element elementor-element-5f21bc1 elementor-section-boxed elementor-section-height-default elementor-section-height-default\" data-id=\"5f21bc1\" data-element_type=\"section\">\n\t\t\t\t\t\t<div class=\"elementor-container elementor-column-gap-default\">\n\t\t\t\t\t<div class=\"elementor-column elementor-col-50 elementor-inner-column elementor-element elementor-element-92bc35f\" data-id=\"92bc35f\" data-element_type=\"column\">\n\t\t\t<div class=\"elementor-widget-wrap elementor-element-populated\">\n\t\t\t\t\t\t\t\t<div class=\"elementor-element elementor-element-7222a44 elementor-widget elementor-widget-heading\" data-id=\"7222a44\" data-element_type=\"widget\" data-widget_type=\"heading.default\">\n\t\t\t\t<div class=\"elementor-widget-container\">\n\t\t\t<h4 class=\"elementor-heading-title elementor-size-default\">As  garras s\u00e3o forjadas em a\u00e7o <br>carbono SAE 1045<\/h4>\t\t<\/div>\n\t\t\t\t<\/div>\n\t\t\t\t\t<\/div>\n\t\t<\/div>\n\t\t\t\t<div class=\"elementor-column elementor-col-50 elementor-inner-column elementor-element elementor-element-145bafa\" data-id=\"145bafa\" data-element_type=\"column\">\n\t\t\t<div class=\"elementor-widget-wrap elementor-element-populated\">\n\t\t\t\t\t\t\t\t<div class=\"elementor-element elementor-element-66e015f elementor-widget elementor-widget-heading\" data-id=\"66e015f\" data-element_type=\"widget\" data-widget_type=\"heading.default\">\n\t\t\t\t<div class=\"elementor-widget-container\">\n\t\t\t<h4 class=\"elementor-heading-title elementor-size-default\">O a\u00e7o \u00e9  temperado<br>para maior resist\u00eancia ao desgaste por abras\u00e3o aumentando a  vida \u00fatil da sua garra<\/h4>\t\t<\/div>\n\t\t\t\t<\/div>\n\t\t\t\t\t<\/div>\n\t\t<\/div>\n\t\t\t\t\t\t\t<\/div>\n\t\t<\/section>\n\t\t\t\t<section class=\"elementor-section elementor-inner-section elementor-element elementor-element-378df0e elementor-section-boxed elementor-section-height-default elementor-section-height-default\" data-id=\"378df0e\" data-element_type=\"section\">\n\t\t\t\t\t\t<div class=\"elementor-container elementor-column-gap-default\">\n\t\t\t\t\t<div class=\"elementor-column elementor-col-100 elementor-inner-column elementor-element elementor-element-ed97b0b\" data-id=\"ed97b0b\" data-element_type=\"column\">\n\t\t\t<div class=\"elementor-widget-wrap elementor-element-populated\">\n\t\t\t\t\t\t\t\t<div class=\"elementor-element elementor-element-b6bc7d3 elementor-widget elementor-widget-heading\" data-id=\"b6bc7d3\" data-element_type=\"widget\" data-widget_type=\"heading.default\">\n\t\t\t\t<div class=\"elementor-widget-container\">\n\t\t\t<h4 class=\"elementor-heading-title elementor-size-default\">A garras apresentam o valor de dureza controladas dentro dos par\u00e2metro \n<br>38~40 HCR \/ 360~380 BRINELL<\/h4>\t\t<\/div>\n\t\t\t\t<\/div>\n\t\t\t\t\t<\/div>\n\t\t<\/div>\n\t\t\t\t<div class=\"elementor-column elementor-col-100 elementor-inner-column elementor-element elementor-element-52c548b\" data-id=\"52c548b\" data-element_type=\"column\">\n\t\t\t<div class=\"elementor-widget-wrap elementor-element-populated\">\n\t\t\t\t\t\t\t\t<div class=\"elementor-element elementor-element-27a484c elementor-widget elementor-widget-heading\" data-id=\"27a484c\" data-element_type=\"widget\" data-widget_type=\"heading.default\">\n\t\t\t\t<div class=\"elementor-widget-container\">\n\t\t\t<h4 class=\"elementor-heading-title elementor-size-default\">SAIBA COMO MEDIR SUA GARRA <\/h4>\t\t<\/div>\n\t\t\t\t<\/div>\n\t\t\t\t<div class=\"elementor-element elementor-element-df3acc1 elementor-widget elementor-widget-heading\" data-id=\"df3acc1\" data-element_type=\"widget\" data-widget_type=\"heading.default\">\n\t\t\t\t<div class=\"elementor-widget-container\">\n\t\t\t<h4 class=\"elementor-heading-title elementor-size-medium\">.verificar modelo do trator<br>\n.verificar tamanho da sapata<br>\n.verificar altura da garra para reposi\u00e7\u00e3o<br>\n.verificar  espessura da garra<br>\n\n\n<\/h4>\t\t<\/div>\n\t\t\t\t<\/div>\n\t\t\t\t<div class=\"elementor-element elementor-element-c1699e6 elementor-widget elementor-widget-image\" data-id=\"c1699e6\" data-element_type=\"widget\" data-widget_type=\"image.default\">\n\t\t\t\t<div class=\"elementor-widget-container\">\n\t\t\t<style>\/*! elementor - v3.15.0 - 09-08-2023 *\/\n.elementor-widget-image{text-align:center}.elementor-widget-image a{display:inline-block}.elementor-widget-image a img[src$=\".svg\"]{width:48px}.elementor-widget-image img{vertical-align:middle;display:inline-block}<\/style>\t\t\t\t\t\t\t\t\t\t\t\t<img decoding=\"async\" width=\"320\" height=\"240\" src=\"https:\/\/forjasmocam.com\/wp-content\/uploads\/2023\/10\/medida-garra-mocam-unscreen.gif\" class=\"attachment-2048x2048 size-2048x2048 wp-image-1059\" alt=\"\" loading=\"lazy\" \/>\t\t\t\t\t\t\t\t\t\t\t\t\t\t\t<\/div>\n\t\t\t\t<\/div>\n\t\t\t\t\t<\/div>\n\t\t<\/div>\n\t\t\t\t\t\t\t<\/div>\n\t\t<\/section>\n\t\t\t\t<section class=\"elementor-section elementor-inner-section elementor-element elementor-element-5f56fb4 elementor-section-boxed elementor-section-height-default elementor-section-height-default\" data-id=\"5f56fb4\" data-element_type=\"section\">\n\t\t\t\t\t\t<div class=\"elementor-container elementor-column-gap-default\">\n\t\t\t\t\t<div class=\"elementor-column elementor-col-50 elementor-inner-column elementor-element elementor-element-9fc2216\" data-id=\"9fc2216\" data-element_type=\"column\">\n\t\t\t<div class=\"elementor-widget-wrap elementor-element-populated\">\n\t\t\t\t\t\t\t\t<div class=\"elementor-element elementor-element-6a98188 elementor-widget elementor-widget-heading\" data-id=\"6a98188\" data-element_type=\"widget\" data-widget_type=\"heading.default\">\n\t\t\t\t<div class=\"elementor-widget-container\">\n\t\t\t<h4 class=\"elementor-heading-title elementor-size-default\">A vantagem de usar a garras forjadas <\/h4>\t\t<\/div>\n\t\t\t\t<\/div>\n\t\t\t\t<div class=\"elementor-element elementor-element-b2fd53b elementor-widget elementor-widget-heading\" data-id=\"b2fd53b\" data-element_type=\"widget\" data-widget_type=\"heading.default\">\n\t\t\t\t<div class=\"elementor-widget-container\">\n\t\t\t<h4 class=\"elementor-heading-title elementor-size-default\">as pe\u00e7as forjadas apresentam uma microestrutura homog\u00eanea , livre  de porosidades e com um fibramento favor\u00e1vel \u00e1s propiedades Mec\u00e2nica  exigidas em muitos componentes<\/h4>\t\t<\/div>\n\t\t\t\t<\/div>\n\t\t\t\t\t<\/div>\n\t\t<\/div>\n\t\t\t\t<div class=\"elementor-column elementor-col-50 elementor-inner-column elementor-element elementor-element-4c1959c\" data-id=\"4c1959c\" data-element_type=\"column\">\n\t\t\t<div class=\"elementor-widget-wrap elementor-element-populated\">\n\t\t\t\t\t\t\t\t<div class=\"elementor-element elementor-element-1baf55b elementor-widget elementor-widget-heading\" data-id=\"1baf55b\" data-element_type=\"widget\" data-widget_type=\"heading.default\">\n\t\t\t\t<div class=\"elementor-widget-container\">\n\t\t\t<h4 class=\"elementor-heading-title elementor-size-default\">Fabricamos qualquer tamanho de garra de sapata <\/h4>\t\t<\/div>\n\t\t\t\t<\/div>\n\t\t\t\t<div class=\"elementor-element elementor-element-de4a5f1 elementor-widget elementor-widget-heading\" data-id=\"de4a5f1\" data-element_type=\"widget\" data-widget_type=\"heading.default\">\n\t\t\t\t<div class=\"elementor-widget-container\">\n\t\t\t<h4 class=\"elementor-heading-title elementor-size-default\">para esteiras de tratores e  escavadeiras. Entregamos pronto para soldagem <\/h4>\t\t<\/div>\n\t\t\t\t<\/div>\n\t\t\t\t\t<\/div>\n\t\t<\/div>\n\t\t\t\t\t\t\t<\/div>\n\t\t<\/section>\n\t\t\t\t\t<\/div>\n\t\t<\/div>\n\t\t\t\t\t\t\t<\/div>\n\t\t<\/section>\n\t\t\t\t<section class=\"elementor-section elementor-top-section elementor-element elementor-element-785f62a5 elementor-section-content-middle elementor-section-full_width elementor-section-height-default elementor-section-height-default\" data-id=\"785f62a5\" data-element_type=\"section\">\n\t\t\t\t\t\t<div class=\"elementor-container elementor-column-gap-no\">\n\t\t\t\t\t<div class=\"elementor-column elementor-col-66 elementor-top-column elementor-element elementor-element-4174473e\" data-id=\"4174473e\" data-element_type=\"column\" data-settings=\"{&quot;background_background&quot;:&quot;classic&quot;}\">\n\t\t\t<div class=\"elementor-widget-wrap elementor-element-populated\">\n\t\t\t\t\t\t\t\t<div class=\"elementor-element elementor-element-d3d9f39 elementor-widget elementor-widget-image\" data-id=\"d3d9f39\" data-element_type=\"widget\" data-widget_type=\"image.default\">\n\t\t\t\t<div class=\"elementor-widget-container\">\n\t\t\t\t\t\t\t\t\t\t\t\t\t\t\t<img decoding=\"async\" width=\"960\" height=\"370\" src=\"https:\/\/forjasmocam.com\/wp-content\/uploads\/2023\/10\/garra-sapata-trator-desenho.png\" class=\"attachment-large size-large wp-image-1043\" alt=\"\" loading=\"lazy\" srcset=\"https:\/\/forjasmocam.com\/wp-content\/uploads\/2023\/10\/garra-sapata-trator-desenho.png 960w, https:\/\/forjasmocam.com\/wp-content\/uploads\/2023\/10\/garra-sapata-trator-desenho-300x116.png 300w, https:\/\/forjasmocam.com\/wp-content\/uploads\/2023\/10\/garra-sapata-trator-desenho-768x296.png 768w\" sizes=\"(max-width: 960px) 100vw, 960px\" \/>\t\t\t\t\t\t\t\t\t\t\t\t\t\t\t<\/div>\n\t\t\t\t<\/div>\n\t\t\t\t\t<\/div>\n\t\t<\/div>\n\t\t\t\t<div class=\"elementor-column elementor-col-33 elementor-top-column elementor-element elementor-element-59e80317\" data-id=\"59e80317\" data-element_type=\"column\" data-settings=\"{&quot;background_background&quot;:&quot;gradient&quot;}\">\n\t\t\t<div class=\"elementor-widget-wrap elementor-element-populated\">\n\t\t\t\t\t\t\t\t<div class=\"elementor-element elementor-element-45d76ae0 elementor-widget elementor-widget-heading\" data-id=\"45d76ae0\" data-element_type=\"widget\" data-widget_type=\"heading.default\">\n\t\t\t\t<div class=\"elementor-widget-container\">\n\t\t\t<h2 class=\"elementor-heading-title elementor-size-default\">Industrias   <\/h2>\t\t<\/div>\n\t\t\t\t<\/div>\n\t\t\t\t<div class=\"elementor-element elementor-element-5646bf70 elementor-widget elementor-widget-heading\" data-id=\"5646bf70\" data-element_type=\"widget\" data-widget_type=\"heading.default\">\n\t\t\t\t<div class=\"elementor-widget-container\">\n\t\t\t<h3 class=\"elementor-heading-title elementor-size-default\">fornecemos garras de sapata  para essa industrias<\/h3>\t\t<\/div>\n\t\t\t\t<\/div>\n\t\t\t\t<div class=\"elementor-element elementor-element-6b45ce2 elementor-widget elementor-widget-text-editor\" data-id=\"6b45ce2\" data-element_type=\"widget\" data-widget_type=\"text-editor.default\">\n\t\t\t\t<div class=\"elementor-widget-container\">\n\t\t\t\t\t\t\t\t\t\t\t\t\t<\/div>\n\t\t\t\t<\/div>\n\t\t\t\t<div class=\"elementor-element elementor-element-50b1db60 elementor-mobile-align-justify elementor-widget elementor-widget-button\" data-id=\"50b1db60\" data-element_type=\"widget\" data-widget_type=\"button.default\">\n\t\t\t\t<div class=\"elementor-widget-container\">\n\t\t\t\t\t<div class=\"elementor-button-wrapper\">\n\t\t\t<a class=\"elementor-button elementor-button-link elementor-size-lg\" href=\"https:\/\/forjasmocam.com\/index.php\/industria\/\">\n\t\t\t\t\t\t<span class=\"elementor-button-content-wrapper\">\n\t\t\t\t\t\t<span class=\"elementor-button-icon elementor-align-icon-right\">\n\t\t\t\t<i aria-hidden=\"true\" class=\"fas fa-long-arrow-alt-right\"><\/i>\t\t\t<\/span>\n\t\t\t\t\t\t<span class=\"elementor-button-text\">veja as industrias<\/span>\n\t\t<\/span>\n\t\t\t\t\t<\/a>\n\t\t<\/div>\n\t\t\t\t<\/div>\n\t\t\t\t<\/div>\n\t\t\t\t\t<\/div>\n\t\t<\/div>\n\t\t\t\t\t\t\t<\/div>\n\t\t<\/section>\n\t\t\t\t\t\t\t<\/div>\n\t\t","protected":false},"excerpt":{"rendered":"<p>Fabrica\u00e7\u00e3o Processo de Fabrica\u00e7\u00e3o O forjamento \u00e9 um processo de conforma\u00e7\u00e3o mec\u00e2nica , que resulta em uma mudan\u00e7a permanente nas dimens\u00f5es finais e nas caracter\u00edsticas metal\u00fargicas de uma pe\u00e7a. Conforma\u00e7\u00e3o mec\u00e2nica :S\u00e3o processos que alteram a forma do material atrav\u00e9s da aplica\u00e7\u00e3o de for\u00e7as por equipamento ou ferramentas adequadas (prensas , matrizes , fieiras , &hellip;<\/p>\n<p class=\"read-more\"> <a class=\"\" href=\"https:\/\/forjasmocam.com\/index.php\/fabricacao\/\"> <span class=\"screen-reader-text\">Fabrica\u00e7ao<\/span> Read More &raquo;<\/a><\/p>\n","protected":false},"author":1,"featured_media":0,"parent":0,"menu_order":0,"comment_status":"closed","ping_status":"closed","template":"","meta":{"_monsterinsights_skip_tracking":false,"_monsterinsights_sitenote_active":false,"_monsterinsights_sitenote_note":"","_monsterinsights_sitenote_category":0,"site-sidebar-layout":"default","site-content-layout":"page-builder","ast-global-header-display":"","ast-banner-title-visibility":"","ast-main-header-display":"","ast-hfb-above-header-display":"","ast-hfb-below-header-display":"","ast-hfb-mobile-header-display":"","site-post-title":"disabled","ast-breadcrumbs-content":"","ast-featured-img":"disabled","footer-sml-layout":"","theme-transparent-header-meta":"enabled","adv-header-id-meta":"","stick-header-meta":"","header-above-stick-meta":"","header-main-stick-meta":"","header-below-stick-meta":""},"aioseo_notices":[],"_links":{"self":[{"href":"https:\/\/forjasmocam.com\/index.php\/wp-json\/wp\/v2\/pages\/473"}],"collection":[{"href":"https:\/\/forjasmocam.com\/index.php\/wp-json\/wp\/v2\/pages"}],"about":[{"href":"https:\/\/forjasmocam.com\/index.php\/wp-json\/wp\/v2\/types\/page"}],"author":[{"embeddable":true,"href":"https:\/\/forjasmocam.com\/index.php\/wp-json\/wp\/v2\/users\/1"}],"replies":[{"embeddable":true,"href":"https:\/\/forjasmocam.com\/index.php\/wp-json\/wp\/v2\/comments?post=473"}],"version-history":[{"count":113,"href":"https:\/\/forjasmocam.com\/index.php\/wp-json\/wp\/v2\/pages\/473\/revisions"}],"predecessor-version":[{"id":1385,"href":"https:\/\/forjasmocam.com\/index.php\/wp-json\/wp\/v2\/pages\/473\/revisions\/1385"}],"wp:attachment":[{"href":"https:\/\/forjasmocam.com\/index.php\/wp-json\/wp\/v2\/media?parent=473"}],"curies":[{"name":"wp","href":"https:\/\/api.w.org\/{rel}","templated":true}]}}