{"id":472,"date":"2018-07-03T05:58:27","date_gmt":"2018-07-03T08:58:27","guid":{"rendered":"https:\/\/forjasmocam.com\/index.php\/about-us\/"},"modified":"2025-11-15T15:52:13","modified_gmt":"2025-11-15T18:52:13","slug":"sobre","status":"publish","type":"page","link":"https:\/\/forjasmocam.com\/index.php\/sobre\/","title":{"rendered":"Sobre"},"content":{"rendered":"\t\t<div data-elementor-type=\"wp-post\" data-elementor-id=\"472\" class=\"elementor elementor-472\">\n\t\t\t\t\t\t\t\t\t<section class=\"elementor-section elementor-top-section elementor-element elementor-element-7245a270 elementor-section-content-middle elementor-section-height-min-height elementor-section-boxed elementor-section-height-default elementor-section-items-middle\" data-id=\"7245a270\" data-element_type=\"section\" data-settings=\"{&quot;background_background&quot;:&quot;classic&quot;}\">\n\t\t\t\t\t\t\t<div class=\"elementor-background-overlay\"><\/div>\n\t\t\t\t\t\t\t<div class=\"elementor-container elementor-column-gap-no\">\n\t\t\t\t\t<div class=\"elementor-column elementor-col-100 elementor-top-column elementor-element elementor-element-44a749e1\" data-id=\"44a749e1\" data-element_type=\"column\">\n\t\t\t<div class=\"elementor-widget-wrap elementor-element-populated\">\n\t\t\t\t\t\t\t\t<div class=\"elementor-element elementor-element-467728e8 elementor-widget elementor-widget-heading\" data-id=\"467728e8\" data-element_type=\"widget\" data-widget_type=\"heading.default\">\n\t\t\t\t<div class=\"elementor-widget-container\">\n\t\t\t<style>\/*! elementor - v3.15.0 - 09-08-2023 *\/\n.elementor-heading-title{padding:0;margin:0;line-height:1}.elementor-widget-heading .elementor-heading-title[class*=elementor-size-]>a{color:inherit;font-size:inherit;line-height:inherit}.elementor-widget-heading .elementor-heading-title.elementor-size-small{font-size:15px}.elementor-widget-heading .elementor-heading-title.elementor-size-medium{font-size:19px}.elementor-widget-heading .elementor-heading-title.elementor-size-large{font-size:29px}.elementor-widget-heading .elementor-heading-title.elementor-size-xl{font-size:39px}.elementor-widget-heading .elementor-heading-title.elementor-size-xxl{font-size:59px}<\/style><h1 class=\"elementor-heading-title elementor-size-default\">hist\u00f3ria<\/h1>\t\t<\/div>\n\t\t\t\t<\/div>\n\t\t\t\t<div class=\"elementor-element elementor-element-2421c697 elementor-widget elementor-widget-text-editor\" data-id=\"2421c697\" data-element_type=\"widget\" data-widget_type=\"text-editor.default\">\n\t\t\t\t<div class=\"elementor-widget-container\">\n\t\t\t<style>\/*! elementor - v3.15.0 - 09-08-2023 *\/\n.elementor-widget-text-editor.elementor-drop-cap-view-stacked .elementor-drop-cap{background-color:#69727d;color:#fff}.elementor-widget-text-editor.elementor-drop-cap-view-framed .elementor-drop-cap{color:#69727d;border:3px solid;background-color:transparent}.elementor-widget-text-editor:not(.elementor-drop-cap-view-default) .elementor-drop-cap{margin-top:8px}.elementor-widget-text-editor:not(.elementor-drop-cap-view-default) .elementor-drop-cap-letter{width:1em;height:1em}.elementor-widget-text-editor .elementor-drop-cap{float:left;text-align:center;line-height:1;font-size:50px}.elementor-widget-text-editor .elementor-drop-cap-letter{display:inline-block}<\/style>\t\t\t\t\t\t\t\t\t\t<\/div>\n\t\t\t\t<\/div>\n\t\t\t\t\t<\/div>\n\t\t<\/div>\n\t\t\t\t\t\t\t<\/div>\n\t\t<\/section>\n\t\t\t\t<section class=\"elementor-section elementor-top-section elementor-element elementor-element-585e3d19 elementor-section-content-middle elementor-reverse-mobile elementor-section-full_width elementor-section-height-default elementor-section-height-default\" data-id=\"585e3d19\" data-element_type=\"section\" data-settings=\"{&quot;background_background&quot;:&quot;classic&quot;}\">\n\t\t\t\t\t\t<div class=\"elementor-container elementor-column-gap-no\">\n\t\t\t\t\t<div class=\"elementor-column elementor-col-50 elementor-top-column elementor-element elementor-element-6f344de8\" data-id=\"6f344de8\" data-element_type=\"column\" data-settings=\"{&quot;background_background&quot;:&quot;classic&quot;}\">\n\t\t\t<div class=\"elementor-widget-wrap elementor-element-populated\">\n\t\t\t\t\t\t\t\t<div class=\"elementor-element elementor-element-4a6b6a72 elementor-widget elementor-widget-heading\" data-id=\"4a6b6a72\" data-element_type=\"widget\" data-widget_type=\"heading.default\">\n\t\t\t\t<div class=\"elementor-widget-container\">\n\t\t\t<h2 class=\"elementor-heading-title elementor-size-default\">Forjas Mocam <\/h2>\t\t<\/div>\n\t\t\t\t<\/div>\n\t\t\t\t<div class=\"elementor-element elementor-element-e511ff9 elementor-widget elementor-widget-text-editor\" data-id=\"e511ff9\" data-element_type=\"widget\" data-widget_type=\"text-editor.default\">\n\t\t\t\t<div class=\"elementor-widget-container\">\n\t\t\t\t\t\t\t<p><span style=\"font-weight: 400;\">Somos uma empresa reconhecida no mercado nacional desde de 1974 produzindo qualidade\u00a0 nas garras de sapata que fabricamos. Nossas garras de sapata\u00a0 est\u00e3o dentro dos padr\u00f5es t\u00e9cnicos exigidos e tem como excel\u00eancia a\u00a0 fabrica\u00e7\u00e3o das garras de sapata atrav\u00e9s do processo de forjamento\u00a0 e t\u00eampera, proporcionando uma maior durabilidade e vida \u00fatil para sua m\u00e1quina. Nossa mat\u00e9ria -prima\u00a0 \u00e9 certificada de origem.<\/span><\/p>\t\t\t\t\t\t<\/div>\n\t\t\t\t<\/div>\n\t\t\t\t\t<\/div>\n\t\t<\/div>\n\t\t\t\t<div class=\"elementor-column elementor-col-50 elementor-top-column elementor-element elementor-element-28249b63\" data-id=\"28249b63\" data-element_type=\"column\">\n\t\t\t<div class=\"elementor-widget-wrap elementor-element-populated\">\n\t\t\t\t\t\t\t\t<div class=\"elementor-element elementor-element-9160b5e elementor-widget elementor-widget-image\" data-id=\"9160b5e\" data-element_type=\"widget\" data-widget_type=\"image.default\">\n\t\t\t\t<div class=\"elementor-widget-container\">\n\t\t\t<style>\/*! elementor - v3.15.0 - 09-08-2023 *\/\n.elementor-widget-image{text-align:center}.elementor-widget-image a{display:inline-block}.elementor-widget-image a img[src$=\".svg\"]{width:48px}.elementor-widget-image img{vertical-align:middle;display:inline-block}<\/style>\t\t\t\t\t\t\t\t\t\t\t\t<img decoding=\"async\" width=\"437\" height=\"309\" src=\"https:\/\/forjasmocam.com\/wp-content\/uploads\/2023\/10\/resolocao.png\" class=\"attachment-large size-large wp-image-1176\" alt=\"\" loading=\"lazy\" srcset=\"https:\/\/forjasmocam.com\/wp-content\/uploads\/2023\/10\/resolocao.png 437w, https:\/\/forjasmocam.com\/wp-content\/uploads\/2023\/10\/resolocao-300x212.png 300w\" sizes=\"(max-width: 437px) 100vw, 437px\" \/>\t\t\t\t\t\t\t\t\t\t\t\t\t\t\t<\/div>\n\t\t\t\t<\/div>\n\t\t\t\t\t<\/div>\n\t\t<\/div>\n\t\t\t\t\t\t\t<\/div>\n\t\t<\/section>\n\t\t\t\t\t\t\t<\/div>\n\t\t","protected":false},"excerpt":{"rendered":"<p>hist\u00f3ria Forjas Mocam Somos uma empresa reconhecida no mercado nacional desde de 1974 produzindo qualidade\u00a0 nas garras de sapata que fabricamos. Nossas garras de sapata\u00a0 est\u00e3o dentro dos padr\u00f5es t\u00e9cnicos exigidos e tem como excel\u00eancia a\u00a0 fabrica\u00e7\u00e3o das garras de sapata atrav\u00e9s do processo de forjamento\u00a0 e t\u00eampera, proporcionando uma maior durabilidade e vida \u00fatil &hellip;<\/p>\n<p class=\"read-more\"> <a class=\"\" href=\"https:\/\/forjasmocam.com\/index.php\/sobre\/\"> <span class=\"screen-reader-text\">Sobre<\/span> Read More &raquo;<\/a><\/p>\n","protected":false},"author":1,"featured_media":0,"parent":0,"menu_order":0,"comment_status":"closed","ping_status":"closed","template":"","meta":{"_monsterinsights_skip_tracking":false,"_monsterinsights_sitenote_active":false,"_monsterinsights_sitenote_note":"","_monsterinsights_sitenote_category":0,"site-sidebar-layout":"default","site-content-layout":"page-builder","ast-global-header-display":"","ast-banner-title-visibility":"","ast-main-header-display":"","ast-hfb-above-header-display":"","ast-hfb-below-header-display":"","ast-hfb-mobile-header-display":"","site-post-title":"disabled","ast-breadcrumbs-content":"","ast-featured-img":"disabled","footer-sml-layout":"","theme-transparent-header-meta":"enabled","adv-header-id-meta":"","stick-header-meta":"","header-above-stick-meta":"","header-main-stick-meta":"","header-below-stick-meta":""},"aioseo_notices":[],"_links":{"self":[{"href":"https:\/\/forjasmocam.com\/index.php\/wp-json\/wp\/v2\/pages\/472"}],"collection":[{"href":"https:\/\/forjasmocam.com\/index.php\/wp-json\/wp\/v2\/pages"}],"about":[{"href":"https:\/\/forjasmocam.com\/index.php\/wp-json\/wp\/v2\/types\/page"}],"author":[{"embeddable":true,"href":"https:\/\/forjasmocam.com\/index.php\/wp-json\/wp\/v2\/users\/1"}],"replies":[{"embeddable":true,"href":"https:\/\/forjasmocam.com\/index.php\/wp-json\/wp\/v2\/comments?post=472"}],"version-history":[{"count":39,"href":"https:\/\/forjasmocam.com\/index.php\/wp-json\/wp\/v2\/pages\/472\/revisions"}],"predecessor-version":[{"id":1397,"href":"https:\/\/forjasmocam.com\/index.php\/wp-json\/wp\/v2\/pages\/472\/revisions\/1397"}],"wp:attachment":[{"href":"https:\/\/forjasmocam.com\/index.php\/wp-json\/wp\/v2\/media?parent=472"}],"curies":[{"name":"wp","href":"https:\/\/api.w.org\/{rel}","templated":true}]}}